{"id":598,"date":"2018-05-29T08:12:18","date_gmt":"2018-05-29T06:12:18","guid":{"rendered":"http:\/\/fotostudio-weiss.at\/?page_id=598"},"modified":"2018-05-29T08:12:18","modified_gmt":"2018-05-29T06:12:18","slug":"datenschutz","status":"publish","type":"page","link":"https:\/\/fotostudio-weiss.at\/index.php\/datenschutz\/","title":{"rendered":"Datenschutz"},"content":{"rendered":"<div class=\"av-special-heading av-special-heading-h1  blockquote modern-quote modern-centered  avia-builder-el-0  el_before_av_textblock  avia-builder-el-first   \">\n<h1 class=\"av-special-heading-tag \">DATENSCHUTZERKL\u00c4RUNG<\/h1>\n<\/div>\n<section class=\"av_textblock_section \">\n<div class=\"avia_textblock  \">\n<p><b>1. Rechtsgrundlage<span class=\"Apple-converted-space\">\u00a0<\/span><\/b><\/p>\n<p>1.1. Die EU-Datenschutz-Grundverordnung, das Datenschutzgesetz 2000 sowie das Datenschutz-Anpassungsgesetz 2018 dienen dem Recht auf Schutz personenbezogener Daten. Wir verarbeiten Ihre Daten ausschlie\u00dflich auf Grundlage der gesetzlichen Bestimmungen (DSGVO, DSG 2018, TKG 2003).<span class=\"Apple-converted-space\">\u00a0<\/span><\/p>\n<p><b>2. Grunds\u00e4tzliches<span class=\"Apple-converted-space\">\u00a0<\/span><\/b><\/p>\n<p>2.1. F\u00fcr den Datenschutz verantwortlich ist Eva Weiss, videoartconcept@yahoo.de<\/p>\n<p>2.2. Uns ist es ein besonderes Anliegen, alle personenbezogenen Daten, die Sie uns anvertrauen, zu sch\u00fctzen und sicher zu verwahren. In diesem Dokument erfahren Sie mehr dar\u00fcber, wie wir Ihre personenbezogenen Daten verwenden und verarbeiten.<\/p>\n<p><b>3. Zweckbindung, Rechtsgrundlage, Speicherdauer sowie Datenempf\u00e4nger<span class=\"Apple-converted-space\">\u00a0<\/span><\/b><\/p>\n<p>3.1. Die gesammelten personenbezogenen Daten ben\u00f6tigen wir\u00a0zur Verrechnung.<\/p>\n<p>Die Daten werden hierf\u00fcr erhoben, gespeichert, verarbeitet und genutzt.<\/p>\n<p>3.2. Die rechtlichen Grundlagen f\u00fcr die Verarbeitung von Ihren personenbezogenen Daten sind einerseits Vertragserf\u00fcllung, berechtigte Interessen, die Erf\u00fcllung unserer rechtlichen bzw vertraglichen Verpflichtungen sowie andererseits Ihre Einwilligung (z.B.: Kontaktformular). Die Nichtbereitstellung der Daten kann unterschiedliche Folgen haben.<\/p>\n<p>3.3.<span class=\"Apple-converted-space\">\u00a0<\/span>Wir verarbeiten Ihre personenbezogenen Daten (Name, Adresse) soweit erforderlich, f\u00fcr die Dauer der gesamten Gesch\u00e4ftsbeziehung (von der Anbahnung, Abwicklung bis zur Beendigung eines Vertrags) sowie dar\u00fcber hinaus gem\u00e4\u00df den gesetzlichen Aufbewahrungs- und Dokumentationspflichten, die sich ua aus dem Unternehmensgesetzbuch (UGB), der Bundesabgabenordnung (BAO) ergeben sowie bis zur Beendigung eines allf\u00e4lligen Rechtsstreits, fortlaufender Gew\u00e4hrleistungs- und Garantiefristen usw.<\/p>\n<p>3.4. Im Rahmen der Betreibung unserer Websites beauftragen wir (servernetwork IT solutions), die im Zuge ihrer T\u00e4tigkeiten Zugriff auf Ihre personenbezogenen Daten erlangen k\u00f6nnen, sofern diese die Daten zur Erf\u00fcllung ihrer jeweiligen Leistung ben\u00f6tigen. Diese haben sich zur Einhaltung der geltenden datenschutzrechtlichen Bestimmungen uns gegen\u00fcber verpflichtet. Es wurden Auftragsverarbeitungsvertr\u00e4ge gem\u00e4\u00df Art 28 DSGVO abgeschlossen. N\u00e4here Informationen zu den von uns beauftragten Auftragsverarbeitern k\u00f6nnen Sie unter videoartconcept@yahoo.de anfragen.<\/p>\n<p><b>4. Kontaktformular<span class=\"Apple-converted-space\">\u00a0<\/span><\/b><\/p>\n<p>4.1. Ihre Angaben inklusive pers\u00f6nlicher Daten aus unserem Kontaktformular werden zur Bearbeitung Ihrer Anfrage \u00fcber unseren eigenen Mailserver an uns \u00fcbermittelt, weiterverarbeitet und bei uns gespeichert. Diese Daten werden ohne Ihre Einverst\u00e4ndniserkl\u00e4rung nicht erhoben oder weitergegeben. Ohne diese Daten k\u00f6nnen wir Ihre Anfragen nicht bearbeiten.<\/p>\n<p>4.2. Die Datenverarbeitung erfolgt auf Basis der gesetzlichen Bestimmungen des \u00a7 96 Abs 3 TKG sowie des Art 6 Abs 1 lit a (Einwilligung) DSGVO.<\/p>\n<p><b>5. Einwilligung und Recht auf Widerruf<span class=\"Apple-converted-space\">\u00a0<\/span><\/b><\/p>\n<p>5.1. Ist f\u00fcr die Verarbeitung Ihrer Daten Ihre Zustimmung notwendig, verarbeiten wir diese erst nach Ihrer ausdr\u00fccklichen Zustimmung.<\/p>\n<p>5.2. Grunds\u00e4tzlich verarbeiten wir keine Daten minderj\u00e4hriger Personen und sind dazu auch nicht befugt. Mit der Abgabe Ihrer Zustimmung best\u00e4tigen Sie, dass Sie das 14. Lebensjahr vollendet haben oder die Zustimmung Ihres gesetzlichen Vertreters vorliegt.<\/p>\n<p>5.3. Ihre Zustimmung k\u00f6nnen Sie jederzeit unter folgender E-Mail Adresse widerrufen: videoartconcept@yahoo.de In einem solchen Fall werden die bisher \u00fcber Sie gespeicherten Daten anonymisiert und in weiterer Folge lediglich f\u00fcr statistische Zwecke ohne Personenbezug weiterverwendet. Mittels des Widerrufs der Zustimmung wird die Rechtm\u00e4\u00dfigkeit der aufgrund der Zustimmung bis zum Widerruf erfolgten Verarbeitung nicht ber\u00fchrt.<\/p>\n<p><b>6. Datensicherheit<span class=\"Apple-converted-space\">\u00a0<\/span><\/b><\/p>\n<p>6.1.<span class=\"Apple-converted-space\">\u00a0<\/span>Fotostudio Weiss &#8211; Eva Weiss setzt technische und organisatorische Sicherheitsma\u00dfnahmen ein, um die gespeicherten personenbezogenen Daten gegen zuf\u00e4llige oder vors\u00e4tzliche Manipulation, Verlust oder Zerst\u00f6rung und gegen den Zugriff unberechtigter Personen zu sch\u00fctzen. Unsere Sicherheitsma\u00dfnahmen werden entsprechend des technischen Fortschritts fortlaufend verbessert.<\/p>\n<p><b>7. Server-Log-Dateien\u00a0<\/b><\/p>\n<p>Der Provider der Seiten erhebt und speichert automatisch Informationen in so genannten Server-Log-Dateien, die Ihr Browser automatisch an uns \u00fcbermittelt. Dies sind:<\/p>\n<div>\u2022 Browsertyp und Browserversion<\/div>\n<div>\u2022 verwendetes Betriebssystem<\/div>\n<div>\u2022 Referrer URL<\/div>\n<div>\u2022 Hostname des zugreifenden Rechners<\/div>\n<div>\u2022 Uhrzeit der Serveranfrage<\/div>\n<div>\u2022 IP-Adresse<\/div>\n<p>Eine Zusammenf\u00fchrung dieser Daten mit anderen Datenquellen wird nicht vorgenommen.<\/p>\n<p>Grundlage f\u00fcr die Datenverarbeitung ist Art. 6 Abs. 1 lit. b DSGVO, der die Verarbeitung von Daten zur Erf\u00fcllung eines Vertrags oder vorvertraglicher Ma\u00dfnahmen gestattet.<\/p>\n<p><b>8. Ihre Rechte<span class=\"Apple-converted-space\">\u00a0<\/span><\/b><\/p>\n<p>8.1.<span class=\"Apple-converted-space\">\u00a0<\/span>Sie haben jederzeit das Recht auf Auskunft seitens des Verantwortlichen Fotostudio Weiss \u00a0\u2013 Eva Weiss \u00fcber die betreffenden personenbezogenen Daten. Soweit keine gesetzliche Aufbewahrungspflicht besteht, haben Sie das Recht auf L\u00f6schung dieser Daten sowie Widerspruch gegen die Verarbeitung. Ferner haben Sie das Recht auf Berichtigung der Daten sowie auf Einschr\u00e4nkung der Verarbeitung, auf Daten\u00fcbertragbarkeit sowie auf Beschwerde bei der \u00d6sterreichischen Datenschutzbeh\u00f6rde (Wickenburggasse 8-10, 1080 Wien, E-Mail: dsb@dsb.gv.at).<\/p>\n<p>8.2.<span class=\"Apple-converted-space\">\u00a0<\/span>Wenden Sie sich bez\u00fcglich Ihrer Rechte bitte an uns unter videoartconcept@yahoo.de, Eva Weiss oder schreiben Sie an: Eva Weiss, Kirchenstra\u00dfe 109<br \/>\n2723 Muthmannsdorf<\/p>\n<\/div>\n<\/section>\n","protected":false},"excerpt":{"rendered":"<p>DATENSCHUTZERKL\u00c4RUNG 1. Rechtsgrundlage\u00a0 1.1. Die EU-Datenschutz-Grundverordnung, das Datenschutzgesetz 2000 sowie das Datenschutz-Anpassungsgesetz 2018 dienen dem Recht auf Schutz personenbezogener Daten. Wir verarbeiten Ihre Daten ausschlie\u00dflich auf Grundlage der gesetzlichen Bestimmungen (DSGVO, DSG 2018, TKG 2003).\u00a0 2. Grunds\u00e4tzliches\u00a0 2.1. F\u00fcr den Datenschutz verantwortlich ist Eva Weiss, videoartconcept@yahoo.de 2.2. Uns ist es ein besonderes Anliegen, alle personenbezogenen [&hellip;]<\/p>\n","protected":false},"author":1,"featured_media":0,"parent":0,"menu_order":0,"comment_status":"closed","ping_status":"closed","template":"","meta":[],"_links":{"self":[{"href":"https:\/\/fotostudio-weiss.at\/index.php\/wp-json\/wp\/v2\/pages\/598"}],"collection":[{"href":"https:\/\/fotostudio-weiss.at\/index.php\/wp-json\/wp\/v2\/pages"}],"about":[{"href":"https:\/\/fotostudio-weiss.at\/index.php\/wp-json\/wp\/v2\/types\/page"}],"author":[{"embeddable":true,"href":"https:\/\/fotostudio-weiss.at\/index.php\/wp-json\/wp\/v2\/users\/1"}],"replies":[{"embeddable":true,"href":"https:\/\/fotostudio-weiss.at\/index.php\/wp-json\/wp\/v2\/comments?post=598"}],"version-history":[{"count":1,"href":"https:\/\/fotostudio-weiss.at\/index.php\/wp-json\/wp\/v2\/pages\/598\/revisions"}],"predecessor-version":[{"id":599,"href":"https:\/\/fotostudio-weiss.at\/index.php\/wp-json\/wp\/v2\/pages\/598\/revisions\/599"}],"wp:attachment":[{"href":"https:\/\/fotostudio-weiss.at\/index.php\/wp-json\/wp\/v2\/media?parent=598"}],"curies":[{"name":"wp","href":"https:\/\/api.w.org\/{rel}","templated":true}]}}